{"id":13217,"date":"2020-04-24T20:52:05","date_gmt":"2020-04-24T20:52:05","guid":{"rendered":"https:\/\/medixer.codeixer.com\/homepage-2-copy\/"},"modified":"2023-01-20T17:32:01","modified_gmt":"2023-01-20T15:32:01","slug":"home-dentist","status":"publish","type":"page","link":"https:\/\/dentallabkarkalic.com\/","title":{"rendered":"Home Dentist"},"content":{"rendered":"\t\t<div data-elementor-type=\"wp-page\" data-elementor-id=\"13217\" class=\"elementor elementor-13217\">\n\t\t\t\t\t\t<section class=\"elementor-section elementor-top-section elementor-element elementor-element-b0a3223 elementor-section-full_width elementor-section-height-default elementor-section-height-default\" data-id=\"b0a3223\" data-element_type=\"section\" data-e-type=\"section\">\n\t\t\t\t\t\t<div class=\"elementor-container elementor-column-gap-no\">\n\t\t\t\t\t<div class=\"elementor-column elementor-col-100 elementor-top-column elementor-element elementor-element-16aac43\" data-id=\"16aac43\" data-element_type=\"column\" data-e-type=\"column\">\n\t\t\t<div class=\"elementor-widget-wrap elementor-element-populated\">\n\t\t\t\t\t\t<div class=\"elementor-element elementor-element-07aa128 elementor-widget elementor-widget-ci_hero_slider\" data-id=\"07aa128\" data-element_type=\"widget\" data-e-type=\"widget\" data-widget_type=\"ci_hero_slider.default\">\n\t\t\t\t<div class=\"elementor-widget-container\">\n\t\t\t\t\t\t\t\t\t<div class=\"ci-slider\">\n\n\t\t\t\t\t<div class=\"ci-hero-slider \" data-icon-hover-animation='' data-slick='{\"fade\" : true, \"infinite\" : false, \"autoplay\" : false, \"autoplaySpeed\" : 2000, \"speed\" : 600, \"arrows\" : false}'>\n\n\t\t\t\t\t\t\t\t\t\t\t\t\t\t\t<div class=\"ci-slider-item-0\"  style=\"background-position: top; background-size: cover; background-image:url(https:\/\/dentallabkarkalic.com\/wp-content\/uploads\/2020\/05\/dentist-banner-2-1-2.jpg );\">\n\t\t\t\t\t\t\t\t<div class=\"overlay\"><\/div>\n\t\t\t\t\t\t\t\t<div class=\"container no-opcity\">\n\t\t\t\t\t\t\t\t\t\t\t\t\t\t\t\t\t<h1 class=\"ci-heading  animated\">Za Va\u0161<br> Blistav osmeh.<\/h1>\n\t\t\t\t\t\t\t\t<p class=\"lead animated animated\">Na\u0161 tim profesionalaca <br>Vam stoji na raspolaganju.<\/p>\n\t\t\t\t\t\t\t\t\t\t\t\t\t\t\t\t\t\t\t\t\t\t\t\t<\/div>\n\t\t\t\t\t\t\t<\/div>\n\n\t\t\t\t\t\t\t\t\n\n\t\t\t\t<\/div>\n\t\t\t<\/div>\n\t\t\t\t\t\t\t<\/div>\n\t\t\t\t<\/div>\n\t\t\t\t\t<\/div>\n\t\t<\/div>\n\t\t\t\t\t<\/div>\n\t\t<\/section>\n\t\t\t\t<section class=\"elementor-section elementor-top-section elementor-element elementor-element-c37eb59 elementor-section-boxed elementor-section-height-default elementor-section-height-default\" data-id=\"c37eb59\" data-element_type=\"section\" data-e-type=\"section\" data-settings=\"{&quot;background_background&quot;:&quot;classic&quot;}\">\n\t\t\t\t\t\t\t<div class=\"elementor-background-overlay\"><\/div>\n\t\t\t\t\t\t\t<div class=\"elementor-container elementor-column-gap-default\">\n\t\t\t\t\t<div class=\"elementor-column elementor-col-100 elementor-top-column elementor-element elementor-element-210450f\" data-id=\"210450f\" data-element_type=\"column\" data-e-type=\"column\">\n\t\t\t<div class=\"elementor-widget-wrap elementor-element-populated\">\n\t\t\t\t\t\t<div class=\"elementor-element elementor-element-90be8b9 elementor-widget elementor-widget-ci_heading\" data-id=\"90be8b9\" data-element_type=\"widget\" data-e-type=\"widget\" data-widget_type=\"ci_heading.default\">\n\t\t\t\t<div class=\"elementor-widget-container\">\n\t\t\t\t\t<div class=\"section-title\"><h2\n\t\tclass=\"heading-title\">\n\n\t\tNa\u0161e Usluge\n\n\t\t<\/h2><\/div>\t\t\t\t<\/div>\n\t\t\t\t<\/div>\n\t\t\t\t<div class=\"elementor-element elementor-element-30cecdb elementor-widget elementor-widget-ci_service_post\" data-id=\"30cecdb\" data-element_type=\"widget\" data-e-type=\"widget\" data-widget_type=\"ci_service_post.default\">\n\t\t\t\t<div class=\"elementor-widget-container\">\n\t\t\t\t\t<div class=\"row justify-content-md-center elementor-ci-service-post\">\t\t\t\t\t<div class=\"col-lg-4 col-md-6\">\n\t\t\t\t\t\t<div id=\"post-13518\" class=\"service-grid post-13518 fw-service type-fw-service status-publish hentry\">\n\t\t\t\t\t\t\t\n\t\t\t\t\t\t\t<span class=\"icon\"><img decoding=\"async\" alt=\"Metalkeramika\" src=\"https:\/\/dentallabkarkalic.com\/wp-content\/uploads\/2020\/05\/3-2-1-2.png\"\/><\/span>\n\n\t\t\t\t\t\t\t<h2 class=\"blog-title\">\n\t\t\t\t\t\t\t\t<a href=\"https:\/\/dentallabkarkalic.com\/?fw-service=metalokeramika\">Metalkeramika<\/a>\n\t\t\t\t\t\t\t<\/h2>\n\t\t\t\t\t\t\t<p class=\"text-center mb-0 mt-15\">\n\t\t\t\t\t\t\t\tKrune i mostovi koji u svojoj osnovi imaju metalnu leguru\t\t\t\t\t\t\t<\/p>\n\t\t\t\t\t\t\t\n\t\t\t\t\t\t\t\n\t\t\t\t\t\t<\/div>\n\n\t\t\t\t\t<\/div>\n\t\t\t\t\t\t\t\t\t\n\t\t\t\t\t\t\t\t\t<div class=\"col-lg-4 col-md-6\">\n\t\t\t\t\t\t<div id=\"post-13516\" class=\"service-grid post-13516 fw-service type-fw-service status-publish hentry\">\n\t\t\t\t\t\t\t\n\t\t\t\t\t\t\t<span class=\"icon\"><img decoding=\"async\" alt=\"Implanti\" src=\"https:\/\/dentallabkarkalic.com\/wp-content\/uploads\/2020\/05\/4-2-1-2.png\"\/><\/span>\n\n\t\t\t\t\t\t\t<h2 class=\"blog-title\">\n\t\t\t\t\t\t\t\t<a href=\"https:\/\/dentallabkarkalic.com\/?fw-service=teeth-building\">Implanti<\/a>\n\t\t\t\t\t\t\t<\/h2>\n\t\t\t\t\t\t\t<p class=\"text-center mb-0 mt-15\">\n\t\t\t\t\t\t\t\tIzrada zubnih nadoknada na svim vrstama implantolo\u0161kih sistema (Straumann, Nobel Biocare, Bredent, Astra, Bicon..)\t\t\t\t\t\t\t<\/p>\n\t\t\t\t\t\t\t\n\t\t\t\t\t\t\t\n\t\t\t\t\t\t<\/div>\n\n\t\t\t\t\t<\/div>\n\t\t\t\t\t\t\t\t\t\n\t\t\t\t\t\t\t\t\t<div class=\"col-lg-4 col-md-6\">\n\t\t\t\t\t\t<div id=\"post-13514\" class=\"service-grid post-13514 fw-service type-fw-service status-publish hentry\">\n\t\t\t\t\t\t\t\n\t\t\t\t\t\t\t<span class=\"icon\"><img decoding=\"async\" alt=\"Nanohibridni kompozit\" src=\"https:\/\/dentallabkarkalic.com\/wp-content\/uploads\/2020\/05\/5-2-1-2.png\"\/><\/span>\n\n\t\t\t\t\t\t\t<h2 class=\"blog-title\">\n\t\t\t\t\t\t\t\t<a href=\"https:\/\/dentallabkarkalic.com\/?fw-service=standard-whitening\">Nanohibridni kompozit<\/a>\n\t\t\t\t\t\t\t<\/h2>\n\t\t\t\t\t\t\t<p class=\"text-center mb-0 mt-15\">\n\t\t\t\t\t\t\t\tSpoj kompozita i keramike. Kreativan materijal koji omogu\u0107ava izradu Faseta, Inleja, Onleja, Merilend mostova..\t\t\t\t\t\t\t<\/p>\n\t\t\t\t\t\t\t\n\t\t\t\t\t\t\t\n\t\t\t\t\t\t<\/div>\n\n\t\t\t\t\t<\/div>\n\t\t\t\t\t\t\t\t\t\n\t\t\t\t\t\t\t\t\t<div class=\"col-lg-4 col-md-6\">\n\t\t\t\t\t\t<div id=\"post-13512\" class=\"service-grid post-13512 fw-service type-fw-service status-publish hentry\">\n\t\t\t\t\t\t\t\n\t\t\t\t\t\t\t<span class=\"icon\"><img decoding=\"async\" alt=\"CAD CAM\" src=\"https:\/\/dentallabkarkalic.com\/wp-content\/uploads\/2020\/05\/6-2-1-2.png\"\/><\/span>\n\n\t\t\t\t\t\t\t<h2 class=\"blog-title\">\n\t\t\t\t\t\t\t\t<a href=\"https:\/\/dentallabkarkalic.com\/?fw-service=oral-health-consultation\">CAD CAM<\/a>\n\t\t\t\t\t\t\t<\/h2>\n\t\t\t\t\t\t\t<p class=\"text-center mb-0 mt-15\">\n\t\t\t\t\t\t\t\tSavremena tehnologija izrade visokopreciznih radova skeniranjem i kompjuterskom izradom. Bezmetalni radovi na osnovi cirkonijum dioksida ...\t\t\t\t\t\t\t<\/p>\n\t\t\t\t\t\t\t\n\t\t\t\t\t\t\t\n\t\t\t\t\t\t<\/div>\n\n\t\t\t\t\t<\/div>\n\t\t\t\t\t\t\t\t\t\n\t\t\t\t\t\t\t\t\t<div class=\"col-lg-4 col-md-6\">\n\t\t\t\t\t\t<div id=\"post-13510\" class=\"service-grid post-13510 fw-service type-fw-service status-publish hentry\">\n\t\t\t\t\t\t\t\n\t\t\t\t\t\t\t<span class=\"icon\"><img decoding=\"async\" alt=\"Radovi na zlatu\" src=\"https:\/\/dentallabkarkalic.com\/wp-content\/uploads\/2020\/05\/1-2-1-2.png\"\/><\/span>\n\n\t\t\t\t\t\t\t<h2 class=\"blog-title\">\n\t\t\t\t\t\t\t\t<a href=\"https:\/\/dentallabkarkalic.com\/?fw-service=dental-scaling-2\">Radovi na zlatu<\/a>\n\t\t\t\t\t\t\t<\/h2>\n\t\t\t\t\t\t\t<p class=\"text-center mb-0 mt-15\">\n\t\t\t\t\t\t\t\tIzrada svih vrsta protetskih radova, od razli\u010dito legiranog zlata\t\t\t\t\t\t\t<\/p>\n\t\t\t\t\t\t\t\n\t\t\t\t\t\t\t\n\t\t\t\t\t\t<\/div>\n\n\t\t\t\t\t<\/div>\n\t\t\t\t\t\t\t\t\t\n\t\t\t\t\t\t\t\t\t<div class=\"col-lg-4 col-md-6\">\n\t\t\t\t\t\t<div id=\"post-13500\" class=\"service-grid post-13500 fw-service type-fw-service status-publish hentry\">\n\t\t\t\t\t\t\t\n\t\t\t\t\t\t\t<span class=\"icon\"><img decoding=\"async\" alt=\"Kombinovani radovi\" src=\"https:\/\/dentallabkarkalic.com\/wp-content\/uploads\/2020\/05\/2-2-1-2.png\"\/><\/span>\n\n\t\t\t\t\t\t\t<h2 class=\"blog-title\">\n\t\t\t\t\t\t\t\t<a href=\"https:\/\/dentallabkarkalic.com\/?fw-service=inlays-restoration\">Kombinovani radovi<\/a>\n\t\t\t\t\t\t\t<\/h2>\n\t\t\t\t\t\t\t<p class=\"text-center mb-0 mt-15\">\n\t\t\t\t\t\t\t\tPlaniranje i izrada fiksno-mobilnih radova, frez tehnika i ugradnja razlicitih veznih elemenata\t\t\t\t\t\t\t<\/p>\n\t\t\t\t\t\t\t\n\t\t\t\t\t\t\t\n\t\t\t\t\t\t<\/div>\n\n\t\t\t\t\t<\/div>\n\t\t\t\t\t\t\t\t\t\n\t\t\t\t<\/div>\t\t\t\t<\/div>\n\t\t\t\t<\/div>\n\t\t\t\t\t<\/div>\n\t\t<\/div>\n\t\t\t\t\t<\/div>\n\t\t<\/section>\n\t\t\t\t<\/div>\n\t\t","protected":false},"excerpt":{"rendered":"<p>Za Va\u0161 Blistav osmeh. Na\u0161 tim profesionalaca Vam stoji na raspolaganju. Na\u0161e Usluge Metalkeramika Krune i mostovi koji u svojoj osnovi imaju metalnu leguru Implanti Izrada zubnih nadoknada na svim vrstama implantolo\u0161kih sistema (Straumann, Nobel Biocare, Bredent, Astra, Bicon..) Nanohibridni kompozit Spoj kompozita i keramike. Kreativan materijal koji omogu\u0107ava izradu &#8230;<\/p>\n","protected":false},"author":1,"featured_media":0,"parent":0,"menu_order":0,"comment_status":"closed","ping_status":"closed","template":"elementor_header_footer","meta":{"footnotes":""},"class_list":["post-13217","page","type-page","status-publish","hentry"],"_links":{"self":[{"href":"https:\/\/dentallabkarkalic.com\/index.php?rest_route=\/wp\/v2\/pages\/13217","targetHints":{"allow":["GET"]}}],"collection":[{"href":"https:\/\/dentallabkarkalic.com\/index.php?rest_route=\/wp\/v2\/pages"}],"about":[{"href":"https:\/\/dentallabkarkalic.com\/index.php?rest_route=\/wp\/v2\/types\/page"}],"author":[{"embeddable":true,"href":"https:\/\/dentallabkarkalic.com\/index.php?rest_route=\/wp\/v2\/users\/1"}],"replies":[{"embeddable":true,"href":"https:\/\/dentallabkarkalic.com\/index.php?rest_route=%2Fwp%2Fv2%2Fcomments&post=13217"}],"version-history":[{"count":16,"href":"https:\/\/dentallabkarkalic.com\/index.php?rest_route=\/wp\/v2\/pages\/13217\/revisions"}],"predecessor-version":[{"id":13901,"href":"https:\/\/dentallabkarkalic.com\/index.php?rest_route=\/wp\/v2\/pages\/13217\/revisions\/13901"}],"wp:attachment":[{"href":"https:\/\/dentallabkarkalic.com\/index.php?rest_route=%2Fwp%2Fv2%2Fmedia&parent=13217"}],"curies":[{"name":"wp","href":"https:\/\/api.w.org\/{rel}","templated":true}]}}